{"id":1319,"date":"2025-10-06T19:15:02","date_gmt":"2025-10-06T19:15:02","guid":{"rendered":"https:\/\/detalhes-carpintaria.com\/about\/"},"modified":"2025-12-12T13:45:22","modified_gmt":"2025-12-12T13:45:22","slug":"empresa","status":"publish","type":"page","link":"https:\/\/detalhes-carpintaria.com\/en\/empresa\/","title":{"rendered":"Company"},"content":{"rendered":"<div data-elementor-type=\"wp-page\" data-elementor-id=\"1319\" class=\"elementor elementor-1319\" data-elementor-post-type=\"page\">\n\t\t\t\t<div class=\"elementor-element elementor-element-7997097d e-flex e-con-boxed e-con e-parent\" data-id=\"7997097d\" data-element_type=\"container\" data-settings=\"{&quot;background_background&quot;:&quot;classic&quot;}\">\n\t\t\t\t\t<div class=\"e-con-inner\">\n\t\t<div class=\"elementor-element elementor-element-7cd506d9 e-con-full e-flex e-con e-child\" data-id=\"7cd506d9\" data-element_type=\"container\">\n\t\t\t\t<div class=\"elementor-element elementor-element-d17351d animated-slow elementor-invisible elementor-widget elementor-widget-heading\" data-id=\"d17351d\" data-element_type=\"widget\" data-settings=\"{&quot;_animation&quot;:&quot;bounceInRight&quot;}\" data-widget_type=\"heading.default\">\n\t\t\t\t<div class=\"elementor-widget-container\">\n\t\t\t\t\t<h1 class=\"elementor-heading-title elementor-size-default\">Sobre a Detalhes Carpintaria \u2013 Carpintaria por Medida em Our\u00e9m<\/h1>\t\t\t\t<\/div>\n\t\t\t\t<\/div>\n\t\t\t\t<\/div>\n\t\t\t\t\t<\/div>\n\t\t\t\t<\/div>\n\t\t<div class=\"elementor-element elementor-element-64ed603 e-flex e-con-boxed e-con e-parent\" data-id=\"64ed603\" data-element_type=\"container\">\n\t\t\t\t\t<div class=\"e-con-inner\">\n\t\t\t\t<div class=\"elementor-element elementor-element-afe73c7 elementor-widget__width-initial animated-slow elementor-widget-tablet__width-inherit elementor-invisible elementor-widget elementor-widget-heading\" data-id=\"afe73c7\" data-element_type=\"widget\" data-settings=\"{&quot;_animation&quot;:&quot;slideInLeft&quot;}\" data-widget_type=\"heading.default\">\n\t\t\t\t<div class=\"elementor-widget-container\">\n\t\t\t\t\t<h2 class=\"elementor-heading-title elementor-size-default\">QUEM SOMOS?<\/h2>\t\t\t\t<\/div>\n\t\t\t\t<\/div>\n\t\t\t\t<div class=\"elementor-element elementor-element-362dd4f animated-slow elementor-invisible elementor-widget elementor-widget-text-editor\" data-id=\"362dd4f\" data-element_type=\"widget\" data-settings=\"{&quot;_animation&quot;:&quot;slideInRight&quot;}\" data-widget_type=\"text-editor.default\">\n\t\t\t\t<div class=\"elementor-widget-container\">\n\t\t\t\t\t\t\t\t\t<p data-start=\"1278\" data-end=\"1497\">A <strong data-start=\"1280\" data-end=\"1304\">Detalhes Carpintaria<\/strong> \u00e9 uma empresa especializada em <strong data-start=\"1336\" data-end=\"1371\">carpintaria por medida em Our\u00e9m<\/strong>, com mais de 15 anos de experi\u00eancia na cria\u00e7\u00e3o de <strong data-start=\"1422\" data-end=\"1494\">cozinhas por medida, roupeiros personalizados e mobili\u00e1rio exclusivo<\/strong>.<\/p><p data-start=\"1504\" data-end=\"1685\">Desenvolvemos solu\u00e7\u00f5es totalmente \u00e0 medida, combinando fabrico pr\u00f3prio, materiais de elevada qualidade e aten\u00e7\u00e3o rigorosa ao detalhe, para responder \u00e0s exig\u00eancias de cada projeto.<\/p><p data-start=\"1692\" data-end=\"1866\">Trabalhamos para clientes particulares e profissionais, em Our\u00e9m e arredores, oferecendo acompanhamento completo desde o conceito e desenho at\u00e9 \u00e0 produ\u00e7\u00e3o e instala\u00e7\u00e3o final.<\/p><p data-start=\"1692\" data-end=\"1866\"><strong>Se procura uma empresa de carpintaria por medida em Our\u00e9m, fale connosco e descubra como transformamos ideias em projetos \u00fanicos<\/strong>.<\/p>\t\t\t\t\t\t\t\t<\/div>\n\t\t\t\t<\/div>\n\t\t\t\t\t<\/div>\n\t\t\t\t<\/div>\n\t\t<div class=\"elementor-element elementor-element-3d40595f e-flex e-con-boxed e-con e-parent\" data-id=\"3d40595f\" data-element_type=\"container\" data-settings=\"{&quot;background_background&quot;:&quot;classic&quot;}\">\n\t\t\t\t\t<div class=\"e-con-inner\">\n\t\t\t\t<div class=\"elementor-element elementor-element-15d1bc1 elementor-widget__width-initial animated-slow elementor-invisible elementor-widget elementor-widget-image\" data-id=\"15d1bc1\" data-element_type=\"widget\" data-settings=\"{&quot;_animation&quot;:&quot;slideInUp&quot;}\" data-widget_type=\"image.default\">\n\t\t\t\t<div class=\"elementor-widget-container\">\n\t\t\t\t\t\t\t\t\t\t\t\t\t\t\t<img fetchpriority=\"high\" decoding=\"async\" width=\"800\" height=\"292\" src=\"https:\/\/detalhes-carpintaria.com\/wp-content\/uploads\/2025\/10\/LOGO-OFICIAL-CARPINTERIA-e1761134351947.png\" class=\"attachment-full size-full wp-image-3640\" alt=\"logo oficial carpinteria\" srcset=\"https:\/\/detalhes-carpintaria.com\/wp-content\/uploads\/2025\/10\/LOGO-OFICIAL-CARPINTERIA-e1761134351947.png 800w, https:\/\/detalhes-carpintaria.com\/wp-content\/uploads\/2025\/10\/LOGO-OFICIAL-CARPINTERIA-e1761134351947-300x110.png 300w, https:\/\/detalhes-carpintaria.com\/wp-content\/uploads\/2025\/10\/LOGO-OFICIAL-CARPINTERIA-e1761134351947-768x280.png 768w\" sizes=\"(max-width: 800px) 100vw, 800px\" title=\"Company\">\t\t\t\t\t\t\t\t\t\t\t\t\t\t\t<\/div>\n\t\t\t\t<\/div>\n\t\t\t\t<div class=\"elementor-element elementor-element-d048ed4 animated-slow elementor-invisible elementor-widget elementor-widget-video\" data-id=\"d048ed4\" data-element_type=\"widget\" data-settings=\"{&quot;video_type&quot;:&quot;hosted&quot;,&quot;autoplay&quot;:&quot;yes&quot;,&quot;play_on_mobile&quot;:&quot;yes&quot;,&quot;mute&quot;:&quot;yes&quot;,&quot;loop&quot;:&quot;yes&quot;,&quot;_animation&quot;:&quot;fadeIn&quot;}\" data-widget_type=\"video.default\">\n\t\t\t\t<div class=\"elementor-widget-container\">\n\t\t\t\t\t\t\t<div class=\"e-hosted-video elementor-wrapper elementor-open-inline\">\n\t\t\t\t\t<video class=\"elementor-video\" src=\"http:\/\/detalhes-carpintaria.com\/wp-content\/uploads\/2025\/10\/VIDEOS-PARA-PORTADA-4.mp4\" autoplay=\"\" loop=\"\" muted=\"muted\" playsinline=\"\" controlslist=\"nodownload\"><\/video>\n\t\t\t\t<\/div>\n\t\t\t\t\t\t<\/div>\n\t\t\t\t<\/div>\n\t\t\t\t\t<\/div>\n\t\t\t\t<\/div>\n\t\t<div class=\"elementor-element elementor-element-39bce424 e-flex e-con-boxed e-con e-parent\" data-id=\"39bce424\" data-element_type=\"container\" data-settings=\"{&quot;background_background&quot;:&quot;classic&quot;}\">\n\t\t\t\t\t<div class=\"e-con-inner\">\n\t\t<div class=\"elementor-element elementor-element-5bb27c61 e-con-full e-flex e-con e-child\" data-id=\"5bb27c61\" data-element_type=\"container\">\n\t\t\t\t<div class=\"elementor-element elementor-element-24d8723 elementor-widget__width-initial animated-slow elementor-invisible elementor-widget elementor-widget-heading\" data-id=\"24d8723\" data-element_type=\"widget\" data-settings=\"{&quot;_animation&quot;:&quot;bounceInLeft&quot;}\" data-widget_type=\"heading.default\">\n\t\t\t\t<div class=\"elementor-widget-container\">\n\t\t\t\t\t<h2 class=\"elementor-heading-title elementor-size-default\">O NOSSO M\u00c9TODO DE TRABALHO EM CARPINTARIA POR MEDIDA:<\/h2>\t\t\t\t<\/div>\n\t\t\t\t<\/div>\n\t\t\t\t<\/div>\n\t\t<div class=\"elementor-element elementor-element-b6b9181 e-con-full e-flex e-con e-child\" data-id=\"b6b9181\" data-element_type=\"container\">\n\t\t\t\t<div class=\"elementor-element elementor-element-6128bd0 animated-slow elementor-invisible elementor-widget elementor-widget-text-editor\" data-id=\"6128bd0\" data-element_type=\"widget\" data-settings=\"{&quot;_animation&quot;:&quot;fadeInRight&quot;}\" data-widget_type=\"text-editor.default\">\n\t\t\t\t<div class=\"elementor-widget-container\">\n\t\t\t\t\t\t\t\t\t<p data-start=\"2343\" data-end=\"2539\">At <strong>Detalhes Carpintaria<\/strong> acreditamos que cada projeto deve refletir a identidade e as necessidades reais do cliente. Por isso, n\u00e3o trabalhamos com solu\u00e7\u00f5es <strong>padronizadas ou mobili\u00e1rio de cat\u00e1logo.<\/strong><\/p><p data-start=\"2546\" data-end=\"2699\">Cada pe\u00e7a \u00e9 desenhada \u00e0 medida, produzida internamente e executada com precis\u00e3o, garantindo durabilidade, funcionalidade e um acabamento de excel\u00eancia.<\/p><p data-start=\"2706\" data-end=\"2874\">Acompanhamos todo o processo \u2014 desde a consultoria inicial e medi\u00e7\u00f5es at\u00e9 ao fabrico e montagem \u2014 assegurando um resultado final coerente, exclusivo e feito para durar.<\/p>\t\t\t\t\t\t\t\t<\/div>\n\t\t\t\t<\/div>\n\t\t\t\t<div class=\"elementor-element elementor-element-6cfb760 elementor-align-right elementor-mobile-align-left animated-slow elementor-invisible elementor-widget elementor-widget-button\" data-id=\"6cfb760\" data-element_type=\"widget\" data-settings=\"{&quot;_animation&quot;:&quot;zoomIn&quot;}\" data-widget_type=\"button.default\">\n\t\t\t\t<div class=\"elementor-widget-container\">\n\t\t\t\t\t\t\t\t\t<div class=\"elementor-button-wrapper\">\n\t\t\t\t\t<a class=\"elementor-button elementor-button-link elementor-size-sm\" href=\"http:\/\/wa.me\/\/+351915017728\" target=\"_blank\" rel=\"noopener\">\n\t\t\t\t\t\t<span class=\"elementor-button-content-wrapper\">\n\t\t\t\t\t\t<span class=\"elementor-button-icon\">\n\t\t\t\t<i aria-hidden=\"true\" class=\"fas fa-arrow-right\"><\/i>\t\t\t<\/span>\n\t\t\t\t\t\t\t\t\t<span class=\"elementor-button-text\">REQUEST A QUOTE<\/span>\n\t\t\t\t\t<\/span>\n\t\t\t\t\t<\/a>\n\t\t\t\t<\/div>\n\t\t\t\t\t\t\t\t<\/div>\n\t\t\t\t<\/div>\n\t\t\t\t<\/div>\n\t\t\t\t\t<\/div>\n\t\t\t\t<\/div>\n\t\t<div class=\"elementor-element elementor-element-c8ad97e e-flex e-con-boxed e-con e-parent\" data-id=\"c8ad97e\" data-element_type=\"container\">\n\t\t\t\t\t<div class=\"e-con-inner\">\n\t\t<div class=\"elementor-element elementor-element-d0b0d7b e-con-full e-flex e-con e-child\" data-id=\"d0b0d7b\" data-element_type=\"container\" data-settings=\"{&quot;background_background&quot;:&quot;slideshow&quot;,&quot;background_slideshow_gallery&quot;:[],&quot;background_slideshow_loop&quot;:&quot;yes&quot;,&quot;background_slideshow_slide_duration&quot;:5000,&quot;background_slideshow_slide_transition&quot;:&quot;fade&quot;,&quot;background_slideshow_transition_duration&quot;:500}\">\n\t\t<div class=\"elementor-element elementor-element-86fa487 e-con-full animated-slow e-flex elementor-invisible e-con e-child\" data-id=\"86fa487\" data-element_type=\"container\" data-settings=\"{&quot;background_background&quot;:&quot;slideshow&quot;,&quot;background_slideshow_gallery&quot;:[{&quot;id&quot;:2541,&quot;url&quot;:&quot;http:\\\/\\\/detalhes-carpintaria.com\\\/wp-content\\\/uploads\\\/2025\\\/10\\\/5-e1760360864252.png&quot;},{&quot;id&quot;:2546,&quot;url&quot;:&quot;http:\\\/\\\/detalhes-carpintaria.com\\\/wp-content\\\/uploads\\\/2025\\\/10\\\/10.png&quot;},{&quot;id&quot;:2537,&quot;url&quot;:&quot;http:\\\/\\\/detalhes-carpintaria.com\\\/wp-content\\\/uploads\\\/2025\\\/10\\\/1-1.png&quot;}],&quot;background_slideshow_slide_transition&quot;:&quot;slide_left&quot;,&quot;animation&quot;:&quot;slideInLeft&quot;,&quot;background_slideshow_loop&quot;:&quot;yes&quot;,&quot;background_slideshow_slide_duration&quot;:5000,&quot;background_slideshow_transition_duration&quot;:500}\">\n\t\t\t\t<\/div>\n\t\t<div class=\"elementor-element elementor-element-eef304a e-con-full animated-slow e-flex elementor-invisible e-con e-child\" data-id=\"eef304a\" data-element_type=\"container\" data-settings=\"{&quot;background_background&quot;:&quot;slideshow&quot;,&quot;background_slideshow_gallery&quot;:[{&quot;id&quot;:3905,&quot;url&quot;:&quot;http:\\\/\\\/detalhes-carpintaria.com\\\/wp-content\\\/uploads\\\/2025\\\/10\\\/Imagen-dethalle-scaled.png&quot;},{&quot;id&quot;:3560,&quot;url&quot;:&quot;http:\\\/\\\/detalhes-carpintaria.com\\\/wp-content\\\/uploads\\\/2025\\\/10\\\/Diseno-sin-titulo.png&quot;},{&quot;id&quot;:2656,&quot;url&quot;:&quot;http:\\\/\\\/detalhes-carpintaria.com\\\/wp-content\\\/uploads\\\/2025\\\/10\\\/eyJrZXkiOiJhSFIwY0hNNkx5OTNkM2N1YVc1emRHRm5jbUZ0TG1OdmJTOXdMMFJLT1RGYU5WaE5VSFJhTHc9PS8wIiwiZWRpdHMiOnsidG9Gb3JtYXQiOiJ3ZWJwIiwicmVzaXplIjp7IndpZHRoIjo2NDB9fX0.webp&quot;}],&quot;background_slideshow_slide_transition&quot;:&quot;slide_left&quot;,&quot;animation&quot;:&quot;slideInUp&quot;,&quot;background_slideshow_loop&quot;:&quot;yes&quot;,&quot;background_slideshow_slide_duration&quot;:5000,&quot;background_slideshow_transition_duration&quot;:500}\">\n\t\t\t\t<\/div>\n\t\t\t\t<\/div>\n\t\t<div class=\"elementor-element elementor-element-0957752 e-con-full animated-slow e-flex elementor-invisible e-con e-child\" data-id=\"0957752\" data-element_type=\"container\" data-settings=\"{&quot;animation&quot;:&quot;slideInRight&quot;}\">\n\t\t<div class=\"elementor-element elementor-element-64b9891 e-con-full e-flex e-con e-child\" data-id=\"64b9891\" data-element_type=\"container\" data-settings=\"{&quot;background_background&quot;:&quot;classic&quot;}\">\n\t\t\t\t<\/div>\n\t\t<div class=\"elementor-element elementor-element-9c0f745 e-con-full animated-slow e-flex elementor-invisible e-con e-child\" data-id=\"9c0f745\" data-element_type=\"container\" data-settings=\"{&quot;background_background&quot;:&quot;slideshow&quot;,&quot;background_slideshow_gallery&quot;:[{&quot;id&quot;:2828,&quot;url&quot;:&quot;http:\\\/\\\/detalhes-carpintaria.com\\\/wp-content\\\/uploads\\\/2025\\\/10\\\/4-3.png&quot;},{&quot;id&quot;:2827,&quot;url&quot;:&quot;http:\\\/\\\/detalhes-carpintaria.com\\\/wp-content\\\/uploads\\\/2025\\\/10\\\/3-2.png&quot;},{&quot;id&quot;:2829,&quot;url&quot;:&quot;http:\\\/\\\/detalhes-carpintaria.com\\\/wp-content\\\/uploads\\\/2025\\\/10\\\/5-2.png&quot;},{&quot;id&quot;:2825,&quot;url&quot;:&quot;http:\\\/\\\/detalhes-carpintaria.com\\\/wp-content\\\/uploads\\\/2025\\\/10\\\/1-3.png&quot;}],&quot;background_slideshow_slide_transition&quot;:&quot;slide_left&quot;,&quot;animation&quot;:&quot;slideInRight&quot;,&quot;animation_delay&quot;:800,&quot;background_slideshow_loop&quot;:&quot;yes&quot;,&quot;background_slideshow_slide_duration&quot;:5000,&quot;background_slideshow_transition_duration&quot;:500}\">\n\t\t\t\t<\/div>\n\t\t\t\t<\/div>\n\t\t\t\t\t<\/div>\n\t\t\t\t<\/div>\n\t\t<div class=\"elementor-element elementor-element-7864d75f e-flex e-con-boxed e-con e-parent\" data-id=\"7864d75f\" data-element_type=\"container\">\n\t\t\t\t\t<div class=\"e-con-inner\">\n\t\t<div class=\"elementor-element elementor-element-38f2fa42 e-con-full e-flex e-con e-child\" data-id=\"38f2fa42\" data-element_type=\"container\">\n\t\t\t\t<div class=\"elementor-element elementor-element-14959b23 elementor-widget__width-initial elementor-hidden-mobile elementor-widget elementor-widget-image\" data-id=\"14959b23\" data-element_type=\"widget\" data-widget_type=\"image.default\">\n\t\t\t\t<div class=\"elementor-widget-container\">\n\t\t\t\t\t\t\t\t\t\t\t\t\t\t\t<img decoding=\"async\" width=\"400\" height=\"400\" src=\"https:\/\/detalhes-carpintaria.com\/wp-content\/uploads\/2025\/10\/madera-001-detalhes-carpintaria-.png\" class=\"attachment-full size-full wp-image-3481\" alt=\"madera 001 detalhes carpintaria\" srcset=\"https:\/\/detalhes-carpintaria.com\/wp-content\/uploads\/2025\/10\/madera-001-detalhes-carpintaria-.png 400w, https:\/\/detalhes-carpintaria.com\/wp-content\/uploads\/2025\/10\/madera-001-detalhes-carpintaria--300x300.png 300w, https:\/\/detalhes-carpintaria.com\/wp-content\/uploads\/2025\/10\/madera-001-detalhes-carpintaria--150x150.png 150w\" sizes=\"(max-width: 400px) 100vw, 400px\" title=\"Company\">\t\t\t\t\t\t\t\t\t\t\t\t\t\t\t<\/div>\n\t\t\t\t<\/div>\n\t\t\t\t<\/div>\n\t\t<div class=\"elementor-element elementor-element-2f6aa77e e-con-full e-flex e-con e-child\" data-id=\"2f6aa77e\" data-element_type=\"container\">\n\t\t\t\t<\/div>\n\t\t\t\t\t<\/div>\n\t\t\t\t<\/div>\n\t\t<div class=\"elementor-element elementor-element-1ef56064 e-flex e-con-boxed e-con e-parent\" data-id=\"1ef56064\" data-element_type=\"container\">\n\t\t\t\t\t<div class=\"e-con-inner\">\n\t\t<div class=\"elementor-element elementor-element-9696041 e-con-full e-flex e-con e-child\" data-id=\"9696041\" data-element_type=\"container\">\n\t\t\t\t<div class=\"elementor-element elementor-element-dc8ba25 elementor-widget__width-inherit animated-slow elementor-invisible elementor-widget elementor-widget-heading\" data-id=\"dc8ba25\" data-element_type=\"widget\" data-settings=\"{&quot;_animation&quot;:&quot;fadeInLeft&quot;}\" data-widget_type=\"heading.default\">\n\t\t\t\t<div class=\"elementor-widget-container\">\n\t\t\t\t\t<h2 class=\"elementor-heading-title elementor-size-default\">GET IN <br>CONTACT<\/h2>\t\t\t\t<\/div>\n\t\t\t\t<\/div>\n\t\t\t\t<\/div>\n\t\t<div class=\"elementor-element elementor-element-42ace76 e-con-full animated-slow e-flex elementor-invisible e-con e-child\" data-id=\"42ace76\" data-element_type=\"container\" data-settings=\"{&quot;background_background&quot;:&quot;classic&quot;,&quot;animation&quot;:&quot;fadeInRight&quot;}\">\n\t\t\t\t<div class=\"elementor-element elementor-element-41a99716 elementor-widget__width-inherit elementor-widget elementor-widget-wpforms\" data-id=\"41a99716\" data-element_type=\"widget\" data-widget_type=\"wpforms.default\">\n\t\t\t\t<div class=\"elementor-widget-container\">\n\t\t\t\t\t<div class=\"wpforms-container\" id=\"wpforms-3505\"><form id=\"wpforms-form-3505\" class=\"wpforms-validate wpforms-form wpforms-ajax-form\" data-formid=\"3505\" method=\"post\" enctype=\"multipart\/form-data\" action=\"\/en\/wp-json\/wp\/v2\/pages\/1319\" data-token=\"bb48304f10c68b34a64935f7bb9716de\" data-token-time=\"1776603022\" data-trp-original-action=\"\/en\/wp-json\/wp\/v2\/pages\/1319\"><noscript class=\"wpforms-error-noscript\">Please enable JavaScript in your browser to complete this form.<\/noscript><div class=\"wpforms-field-container\"><div id=\"wpforms-3505-field_1-container\" class=\"wpforms-field wpforms-field-name\" data-field-id=\"1\"><label class=\"wpforms-field-label wpforms-label-hide\" for=\"wpforms-3505-field_1\">Name <span class=\"wpforms-required-label\">*<\/span><\/label><div class=\"wpforms-field-row wpforms-field-large\"><div class=\"wpforms-field-row-block wpforms-first wpforms-one-half\"><input type=\"text\" id=\"wpforms-3505-field_1\" class=\"wpforms-field-name-first wpforms-field-required\" name=\"wpforms[fields][1][first]\" value=\"Nome\" required><label for=\"wpforms-3505-field_1\" class=\"wpforms-field-sublabel after wpforms-sublabel-hide\">First<\/label><\/div><div class=\"wpforms-field-row-block wpforms-one-half\"><input type=\"text\" id=\"wpforms-3505-field_1-last\" class=\"wpforms-field-name-last wpforms-field-required\" name=\"wpforms[fields][1][last]\" value=\"Apelido\" required><label for=\"wpforms-3505-field_1-last\" class=\"wpforms-field-sublabel after wpforms-sublabel-hide\">Last<\/label><\/div><\/div><\/div>\t\t<div id=\"wpforms-3505-field_4-container\"\n\t\t\tclass=\"wpforms-field wpforms-field-text\"\n\t\t\tdata-field-type=\"text\"\n\t\t\tdata-field-id=\"4\"\n\t\t\t>\n\t\t\t<label class=\"wpforms-field-label\" for=\"wpforms-3505-field_4\" >Nome Desplegable Email<\/label>\n\t\t\t<input type=\"text\" id=\"wpforms-3505-field_4\" class=\"wpforms-field-medium\" name=\"wpforms[fields][4]\" >\n\t\t<\/div>\n\t\t<div id=\"wpforms-3505-field_2-container\" class=\"wpforms-field wpforms-field-email\" data-field-id=\"2\"><label class=\"wpforms-field-label wpforms-label-hide\" for=\"wpforms-3505-field_2\">Email <span class=\"wpforms-required-label\">*<\/span><\/label><input type=\"email\" id=\"wpforms-3505-field_2\" class=\"wpforms-field-large wpforms-field-required\" name=\"wpforms[fields][2]\" placeholder=\"Email\" spellcheck=\"false\" required><\/div><div id=\"wpforms-3505-field_3-container\" class=\"wpforms-field wpforms-field-select wpforms-field-select-style-modern\" data-field-id=\"3\"><label class=\"wpforms-field-label wpforms-label-hide\" for=\"wpforms-3505-field_3\">Dropdown<\/label><select id=\"wpforms-3505-field_3\" class=\"wpforms-field-large choicesjs-select\" data-size-class=\"wpforms-field-row wpforms-field-large\" data-search-enabled=\"\" name=\"wpforms[fields][3]\"><option value=\"\" class=\"placeholder\" disabled selected='selected'>How can we help?<\/option><option value=\"Consultoria de design\"  class=\"choice-2 depth-1\"  >Design consulting<\/option><option value=\"Sobre os nossos produtos\"  class=\"choice-4 depth-1\"  >About our products<\/option><option value=\"Fale com um especialista\"  class=\"choice-5 depth-1\"  >Speak to a specialist<\/option><\/select><\/div><script>\n\t\t\t\t( function() {\n\t\t\t\t\tconst style = document.createElement( 'style' );\n\t\t\t\t\tstyle.appendChild( document.createTextNode( '#wpforms-3505-field_4-container { position: absolute !important; overflow: hidden !important; display: inline !important; height: 1px !important; width: 1px !important; z-index: -1000 !important; padding: 0 !important; } #wpforms-3505-field_4-container input { visibility: hidden; } #wpforms-conversational-form-page #wpforms-3505-field_4-container label { counter-increment: none; }' ) );\n\t\t\t\t\tdocument.head.appendChild( style );\n\t\t\t\t\tdocument.currentScript?.remove();\n\t\t\t\t} )();\n\t\t\t<\/script><\/div><!-- .wpforms-field-container --><div class=\"wpforms-submit-container\" ><input type=\"hidden\" name=\"wpforms[id]\" value=\"3505\"><input type=\"hidden\" name=\"page_title\" value=\"\"><input type=\"hidden\" name=\"page_url\" value=\"https:\/\/detalhes-carpintaria.com\/en\/wp-json\/wp\/v2\/pages\/1319\"><input type=\"hidden\" name=\"url_referer\" value=\"\"><button type=\"submit\" name=\"wpforms[submit]\" id=\"wpforms-submit-3505\" class=\"wpforms-submit\" data-alt-text=\"Enviando...\" data-submit-text=\"ENVIAR\" aria-live=\"assertive\" value=\"wpforms-submit\">SEND<\/button><img decoding=\"async\" src=\"https:\/\/detalhes-carpintaria.com\/wp-content\/plugins\/wpforms-lite\/assets\/images\/submit-spin.svg\" class=\"wpforms-submit-spinner\" style=\"display: none;\" width=\"26\" height=\"26\" alt=\"Loading\" title=\"Company\"><\/div><input type=\"hidden\" name=\"trp-form-language\" value=\"en\"\/><\/form><\/div>  <!-- .wpforms-container -->\t\t\t\t<\/div>\n\t\t\t\t<\/div>\n\t\t\t\t<div class=\"elementor-element elementor-element-ad380c0 elementor-widget__width-initial elementor-widget elementor-widget-image\" data-id=\"ad380c0\" data-element_type=\"widget\" data-widget_type=\"image.default\">\n\t\t\t\t<div class=\"elementor-widget-container\">\n\t\t\t\t\t\t\t\t\t\t\t\t\t\t\t<img loading=\"lazy\" decoding=\"async\" width=\"500\" height=\"200\" src=\"https:\/\/detalhes-carpintaria.com\/wp-content\/uploads\/2025\/10\/LOGO-MARRON.png\" class=\"attachment-full size-full wp-image-3552\" alt=\"logo marron\" srcset=\"https:\/\/detalhes-carpintaria.com\/wp-content\/uploads\/2025\/10\/LOGO-MARRON.png 500w, https:\/\/detalhes-carpintaria.com\/wp-content\/uploads\/2025\/10\/LOGO-MARRON-300x120.png 300w\" sizes=\"(max-width: 500px) 100vw, 500px\" title=\"Company\">\t\t\t\t\t\t\t\t\t\t\t\t\t\t\t<\/div>\n\t\t\t\t<\/div>\n\t\t\t\t<\/div>\n\t\t\t\t\t<\/div>\n\t\t\t\t<\/div>\n\t\t\t\t<\/div>","protected":false},"excerpt":{"rendered":"<p>Sobre a Detalhes Carpintaria \u2013 Carpintaria por Medida em Our\u00e9m QUEM SOMOS? A Detalhes Carpintaria \u00e9 uma empresa especializada em carpintaria por medida em Our\u00e9m, com mais de 15 anos de experi\u00eancia na cria\u00e7\u00e3o de cozinhas por medida, roupeiros personalizados e mobili\u00e1rio exclusivo. Desenvolvemos solu\u00e7\u00f5es totalmente \u00e0 medida, combinando fabrico pr\u00f3prio, materiais de elevada qualidade [&hellip;]<\/p>","protected":false},"author":2,"featured_media":0,"parent":0,"menu_order":0,"comment_status":"closed","ping_status":"closed","template":"","meta":{"site-sidebar-layout":"no-sidebar","site-content-layout":"page-builder","ast-site-content-layout":"full-width-container","site-content-style":"unboxed","site-sidebar-style":"unboxed","ast-global-header-display":"","ast-banner-title-visibility":"","ast-main-header-display":"","ast-hfb-above-header-display":"","ast-hfb-below-header-display":"","ast-hfb-mobile-header-display":"","site-post-title":"disabled","ast-breadcrumbs-content":"","ast-featured-img":"disabled","footer-sml-layout":"","theme-transparent-header-meta":"enabled","adv-header-id-meta":"","stick-header-meta":"","header-above-stick-meta":"","header-main-stick-meta":"","header-below-stick-meta":"","astra-migrate-meta-layouts":"set","ast-page-background-enabled":"default","ast-page-background-meta":{"desktop":{"background-color":"var(--ast-global-color-4)","background-image":"","background-repeat":"repeat","background-position":"center center","background-size":"auto","background-attachment":"scroll","background-type":"","background-media":"","overlay-type":"","overlay-color":"","overlay-opacity":"","overlay-gradient":""},"tablet":{"background-color":"","background-image":"","background-repeat":"repeat","background-position":"center center","background-size":"auto","background-attachment":"scroll","background-type":"","background-media":"","overlay-type":"","overlay-color":"","overlay-opacity":"","overlay-gradient":""},"mobile":{"background-color":"","background-image":"","background-repeat":"repeat","background-position":"center center","background-size":"auto","background-attachment":"scroll","background-type":"","background-media":"","overlay-type":"","overlay-color":"","overlay-opacity":"","overlay-gradient":""}},"ast-content-background-meta":{"desktop":{"background-color":"var(--ast-global-color-5)","background-image":"","background-repeat":"repeat","background-position":"center center","background-size":"auto","background-attachment":"scroll","background-type":"","background-media":"","overlay-type":"","overlay-color":"","overlay-opacity":"","overlay-gradient":""},"tablet":{"background-color":"var(--ast-global-color-5)","background-image":"","background-repeat":"repeat","background-position":"center center","background-size":"auto","background-attachment":"scroll","background-type":"","background-media":"","overlay-type":"","overlay-color":"","overlay-opacity":"","overlay-gradient":""},"mobile":{"background-color":"var(--ast-global-color-5)","background-image":"","background-repeat":"repeat","background-position":"center center","background-size":"auto","background-attachment":"scroll","background-type":"","background-media":"","overlay-type":"","overlay-color":"","overlay-opacity":"","overlay-gradient":""}},"footnotes":""},"class_list":["post-1319","page","type-page","status-publish","hentry"],"_links":{"self":[{"href":"https:\/\/detalhes-carpintaria.com\/en\/wp-json\/wp\/v2\/pages\/1319","targetHints":{"allow":["GET"]}}],"collection":[{"href":"https:\/\/detalhes-carpintaria.com\/en\/wp-json\/wp\/v2\/pages"}],"about":[{"href":"https:\/\/detalhes-carpintaria.com\/en\/wp-json\/wp\/v2\/types\/page"}],"author":[{"embeddable":true,"href":"https:\/\/detalhes-carpintaria.com\/en\/wp-json\/wp\/v2\/users\/2"}],"replies":[{"embeddable":true,"href":"https:\/\/detalhes-carpintaria.com\/en\/wp-json\/wp\/v2\/comments?post=1319"}],"version-history":[{"count":113,"href":"https:\/\/detalhes-carpintaria.com\/en\/wp-json\/wp\/v2\/pages\/1319\/revisions"}],"predecessor-version":[{"id":4484,"href":"https:\/\/detalhes-carpintaria.com\/en\/wp-json\/wp\/v2\/pages\/1319\/revisions\/4484"}],"wp:attachment":[{"href":"https:\/\/detalhes-carpintaria.com\/en\/wp-json\/wp\/v2\/media?parent=1319"}],"curies":[{"name":"wp","href":"https:\/\/api.w.org\/{rel}","templated":true}]}}